{"id":17501,"date":"2018-01-16T09:35:57","date_gmt":"2018-01-16T08:35:57","guid":{"rendered":"https:\/\/www.chudej.cz\/galerie\/vystavy-veletrhy-2012\/"},"modified":"2020-11-11T08:52:55","modified_gmt":"2020-11-11T07:52:55","slug":"vystavy-veletrhy-2012","status":"publish","type":"page","link":"https:\/\/dev-helios.server-chudej.imperialmedia.cz\/ru\/%d0%b3%d0%b0%d0%bb%d0%b5%d1%80%d0%b5%d1%8f\/vystavy-veletrhy-2012\/","title":{"rendered":"\u0412\u044b\u0441\u0442\u0430\u0432\u043a\u0438 \u0438 \u044f\u0440\u043c\u0430\u0440\u043a\u0438 2012"},"content":{"rendered":"<h2>Socoda Pa\u0159\u00ed\u017e, Mosbuild Moskva, MCE Mil\u00e1no, Aquatherm Kijev, Aquatherm Moskva<\/h2>\n","protected":false},"excerpt":{"rendered":"<p>Socoda Pa\u0159\u00ed\u017e, Mosbuild Moskva, MCE Mil\u00e1no, Aquatherm Kijev, Aquatherm Moskva<\/p>\n","protected":false},"author":1,"featured_media":11189,"parent":17491,"menu_order":11,"comment_status":"closed","ping_status":"closed","template":"template-photogallery.php","meta":{"_acf_changed":false,"footnotes":""},"class_list":["post-17501","page","type-page","status-publish","has-post-thumbnail","hentry"],"acf":[],"_links":{"self":[{"href":"https:\/\/dev-helios.server-chudej.imperialmedia.cz\/ru\/wp-json\/wp\/v2\/pages\/17501","targetHints":{"allow":["GET"]}}],"collection":[{"href":"https:\/\/dev-helios.server-chudej.imperialmedia.cz\/ru\/wp-json\/wp\/v2\/pages"}],"about":[{"href":"https:\/\/dev-helios.server-chudej.imperialmedia.cz\/ru\/wp-json\/wp\/v2\/types\/page"}],"author":[{"embeddable":true,"href":"https:\/\/dev-helios.server-chudej.imperialmedia.cz\/ru\/wp-json\/wp\/v2\/users\/1"}],"replies":[{"embeddable":true,"href":"https:\/\/dev-helios.server-chudej.imperialmedia.cz\/ru\/wp-json\/wp\/v2\/comments?post=17501"}],"version-history":[{"count":0,"href":"https:\/\/dev-helios.server-chudej.imperialmedia.cz\/ru\/wp-json\/wp\/v2\/pages\/17501\/revisions"}],"up":[{"embeddable":true,"href":"https:\/\/dev-helios.server-chudej.imperialmedia.cz\/ru\/wp-json\/wp\/v2\/pages\/17491"}],"wp:featuredmedia":[{"embeddable":true,"href":"https:\/\/dev-helios.server-chudej.imperialmedia.cz\/ru\/wp-json\/wp\/v2\/media\/11189"}],"wp:attachment":[{"href":"https:\/\/dev-helios.server-chudej.imperialmedia.cz\/ru\/wp-json\/wp\/v2\/media?parent=17501"}],"curies":[{"name":"wp","href":"https:\/\/api.w.org\/{rel}","templated":true}]}}