{"id":238280,"date":"2024-09-25T13:26:30","date_gmt":"2024-09-25T11:26:30","guid":{"rendered":"https:\/\/dev-helios.server-chudej.imperialmedia.cz\/produkt\/desague-exterior-con-rejilla-de-plastico\/"},"modified":"2024-09-25T13:26:30","modified_gmt":"2024-09-25T11:26:30","slug":"desague-exterior-con-rejilla-de-plastico","status":"publish","type":"product","link":"https:\/\/dev-helios.server-chudej.imperialmedia.cz\/es\/produkt\/desague-exterior-con-rejilla-de-plastico\/","title":{"rendered":"Desag\u00fce exterior con rejilla de pl\u00e1stico"},"content":{"rendered":"<p>Las canaletas exteriores con rejilla de pl\u00e1stico son adecuadas para drenar agua de sitios de construcci\u00f3n, \u00e1reas utilizadas por peatones y ciclistas, as\u00ed como para entradas de veh\u00edculos, caminos, estacionamientos, etc. Todos los tipos de rejillas est\u00e1n asegurados con tornillos galvanizados para un ajuste seguro. Fabricadas en PP, estabilizadas contra UV. Capacidad de carga de la rejilla de pl\u00e1stico conforme a EN 1433 &#8211; A 15 (1,500 kg).<\/p>\n","protected":false},"excerpt":{"rendered":"<p>Las canaletas exteriores con rejilla de pl\u00e1stico son adecuadas para drenar agua de sitios de construcci\u00f3n, \u00e1reas utilizadas por peatones y ciclistas, as\u00ed como para entradas de veh\u00edculos, caminos, estacionamientos, etc. Todos los tipos de rejillas est\u00e1n asegurados con tornillos galvanizados para un ajuste seguro. Fabricadas en PP, estabilizadas contra UV. Capacidad de carga de la rejilla de pl\u00e1stico conforme a EN 1433 &#8211; A 15 (1,500 kg).<\/p>\n","protected":false},"featured_media":0,"template":"","meta":{"_acf_changed":false},"product_brand":[],"product_cat":[11023],"product_tag":[],"class_list":{"0":"post-238280","1":"product","2":"type-product","3":"status-publish","5":"product_cat-nezarazene","7":"first","8":"outofstock","9":"taxable","10":"shipping-taxable","11":"product-type-simple"},"acf":[],"_links":{"self":[{"href":"https:\/\/dev-helios.server-chudej.imperialmedia.cz\/es\/wp-json\/wp\/v2\/product\/238280","targetHints":{"allow":["GET"]}}],"collection":[{"href":"https:\/\/dev-helios.server-chudej.imperialmedia.cz\/es\/wp-json\/wp\/v2\/product"}],"about":[{"href":"https:\/\/dev-helios.server-chudej.imperialmedia.cz\/es\/wp-json\/wp\/v2\/types\/product"}],"wp:attachment":[{"href":"https:\/\/dev-helios.server-chudej.imperialmedia.cz\/es\/wp-json\/wp\/v2\/media?parent=238280"}],"wp:term":[{"taxonomy":"product_brand","embeddable":true,"href":"https:\/\/dev-helios.server-chudej.imperialmedia.cz\/es\/wp-json\/wp\/v2\/product_brand?post=238280"},{"taxonomy":"product_cat","embeddable":true,"href":"https:\/\/dev-helios.server-chudej.imperialmedia.cz\/es\/wp-json\/wp\/v2\/product_cat?post=238280"},{"taxonomy":"product_tag","embeddable":true,"href":"https:\/\/dev-helios.server-chudej.imperialmedia.cz\/es\/wp-json\/wp\/v2\/product_tag?post=238280"}],"curies":[{"name":"wp","href":"https:\/\/api.w.org\/{rel}","templated":true}]}}