{"id":238271,"date":"2024-09-25T13:26:27","date_gmt":"2024-09-25T11:26:28","guid":{"rendered":"https:\/\/dev-helios.server-chudej.imperialmedia.cz\/produkt\/desague-exterior-bajado-con-rejilla-de-hierro-fundido\/"},"modified":"2024-09-25T13:26:28","modified_gmt":"2024-09-25T11:26:28","slug":"desague-exterior-bajado-con-rejilla-de-hierro-fundido","status":"publish","type":"product","link":"https:\/\/dev-helios.server-chudej.imperialmedia.cz\/es\/produkt\/desague-exterior-bajado-con-rejilla-de-hierro-fundido\/","title":{"rendered":"Desag\u00fce exterior bajado con rejilla de hierro fundido"},"content":{"rendered":"<p>Las canaletas exteriores con rejilla de hierro fundido son adecuadas para drenar agua de sitios de construcci\u00f3n, \u00e1reas utilizadas por peatones y ciclistas, as\u00ed como para entradas de veh\u00edculos, caminos, estacionamientos, etc. Todos los tipos de rejillas est\u00e1n asegurados con tornillos galvanizados para un ajuste seguro. Capacidad de carga B (fuerza de prueba de 125 kN). Fabricadas en PP, estabilizadas contra UV. Rejilla de hierro fundido DIN 1691, capacidad de carga conforme a EN 1433 &#8211; B 125 (12,500 kg).<\/p>\n","protected":false},"excerpt":{"rendered":"<p>Las canaletas exteriores con rejilla de hierro fundido son adecuadas para drenar agua de sitios de construcci\u00f3n, \u00e1reas utilizadas por peatones y ciclistas, as\u00ed como para entradas de veh\u00edculos, caminos, estacionamientos, etc. Todos los tipos de rejillas est\u00e1n asegurados con tornillos galvanizados para un ajuste seguro. Capacidad de carga B (fuerza de prueba de 125 kN). Fabricadas en PP, estabilizadas contra UV. Rejilla de hierro fundido DIN 1691, capacidad de carga conforme a EN 1433 &#8211; B 125 (12,500 kg).<\/p>\n","protected":false},"featured_media":0,"template":"","meta":{"_acf_changed":false},"product_brand":[],"product_cat":[11023],"product_tag":[],"class_list":{"0":"post-238271","1":"product","2":"type-product","3":"status-publish","5":"product_cat-nezarazene","7":"first","8":"outofstock","9":"taxable","10":"shipping-taxable","11":"product-type-simple"},"acf":[],"_links":{"self":[{"href":"https:\/\/dev-helios.server-chudej.imperialmedia.cz\/es\/wp-json\/wp\/v2\/product\/238271","targetHints":{"allow":["GET"]}}],"collection":[{"href":"https:\/\/dev-helios.server-chudej.imperialmedia.cz\/es\/wp-json\/wp\/v2\/product"}],"about":[{"href":"https:\/\/dev-helios.server-chudej.imperialmedia.cz\/es\/wp-json\/wp\/v2\/types\/product"}],"wp:attachment":[{"href":"https:\/\/dev-helios.server-chudej.imperialmedia.cz\/es\/wp-json\/wp\/v2\/media?parent=238271"}],"wp:term":[{"taxonomy":"product_brand","embeddable":true,"href":"https:\/\/dev-helios.server-chudej.imperialmedia.cz\/es\/wp-json\/wp\/v2\/product_brand?post=238271"},{"taxonomy":"product_cat","embeddable":true,"href":"https:\/\/dev-helios.server-chudej.imperialmedia.cz\/es\/wp-json\/wp\/v2\/product_cat?post=238271"},{"taxonomy":"product_tag","embeddable":true,"href":"https:\/\/dev-helios.server-chudej.imperialmedia.cz\/es\/wp-json\/wp\/v2\/product_tag?post=238271"}],"curies":[{"name":"wp","href":"https:\/\/api.w.org\/{rel}","templated":true}]}}