{"id":234663,"date":"2022-10-31T15:29:04","date_gmt":"2024-05-07T10:52:28","guid":{"rendered":"https:\/\/dev-helios.server-chudej.imperialmedia.cz\/produkt\/desague-lateral-d75-valvula-seca-rejilla-de-plastico\/"},"modified":"2024-09-25T13:09:59","modified_gmt":"2024-09-25T11:09:59","slug":"desague-lateral-d75-valvula-seca-rejilla-de-plastico","status":"publish","type":"product","link":"https:\/\/dev-helios.server-chudej.imperialmedia.cz\/es\/produkt\/desague-lateral-d75-valvula-seca-rejilla-de-plastico\/","title":{"rendered":"Desag\u00fce lateral D75, v\u00e1lvula seca, rejilla de pl\u00e1stico"},"content":{"rendered":"","protected":false},"excerpt":{"rendered":"","protected":false},"featured_media":216488,"template":"","meta":{"_acf_changed":false},"product_brand":[],"product_cat":[11023],"product_tag":[],"class_list":{"0":"post-234663","1":"product","2":"type-product","3":"status-publish","4":"has-post-thumbnail","6":"product_cat-nezarazene","8":"first","9":"instock","10":"taxable","11":"shipping-taxable","12":"product-type-simple"},"acf":[],"_links":{"self":[{"href":"https:\/\/dev-helios.server-chudej.imperialmedia.cz\/es\/wp-json\/wp\/v2\/product\/234663","targetHints":{"allow":["GET"]}}],"collection":[{"href":"https:\/\/dev-helios.server-chudej.imperialmedia.cz\/es\/wp-json\/wp\/v2\/product"}],"about":[{"href":"https:\/\/dev-helios.server-chudej.imperialmedia.cz\/es\/wp-json\/wp\/v2\/types\/product"}],"wp:featuredmedia":[{"embeddable":true,"href":"https:\/\/dev-helios.server-chudej.imperialmedia.cz\/es\/wp-json\/wp\/v2\/media\/216488"}],"wp:attachment":[{"href":"https:\/\/dev-helios.server-chudej.imperialmedia.cz\/es\/wp-json\/wp\/v2\/media?parent=234663"}],"wp:term":[{"taxonomy":"product_brand","embeddable":true,"href":"https:\/\/dev-helios.server-chudej.imperialmedia.cz\/es\/wp-json\/wp\/v2\/product_brand?post=234663"},{"taxonomy":"product_cat","embeddable":true,"href":"https:\/\/dev-helios.server-chudej.imperialmedia.cz\/es\/wp-json\/wp\/v2\/product_cat?post=234663"},{"taxonomy":"product_tag","embeddable":true,"href":"https:\/\/dev-helios.server-chudej.imperialmedia.cz\/es\/wp-json\/wp\/v2\/product_tag?post=234663"}],"curies":[{"name":"wp","href":"https:\/\/api.w.org\/{rel}","templated":true}]}}