{"id":67336,"date":"2018-09-26T13:59:18","date_gmt":"2018-09-26T11:59:18","guid":{"rendered":"https:\/\/www.chudej.cz\/jste-projektant-technik-nebo-architekt\/"},"modified":"2022-07-01T08:04:18","modified_gmt":"2022-07-01T06:04:18","slug":"jste-projektant-technik-nebo-architekt","status":"publish","type":"page","link":"https:\/\/dev-helios.server-chudej.imperialmedia.cz\/es\/jste-projektant-technik-nebo-architekt\/","title":{"rendered":"Jste koupelnov\u00e9 studio?"},"content":{"rendered":"<p>Pom\u016f\u017eeme V\u00e1m odli\u0161it se od konkurence, kter\u00e1 nab\u00edz\u00ed po cel\u00e9 \u010cR stejn\u00e9 vzory. Zdarma vybav\u00edme Va\u0161e koupelnov\u00e9 studio pot\u0159ebn\u00fdmi materi\u00e1ly pro prodej na\u0161ich produkt\u016f.<\/p>\n<p>&nbsp;<\/p>\n<h3>Pro\u010d se vyplat\u00ed spolupr\u00e1ce s n\u00e1mi?<\/h3>\n<ul>\n<li>Nastav\u00edme optim\u00e1ln\u00ed obchodn\u00ed podm\u00ednky.<\/li>\n<li>Nab\u00edz\u00edme mo\u017enost z\u00edskat v\u011brnostn\u00ed bonus.<\/li>\n<li>Nenut\u00edme V\u00e1s k zaskladn\u011bn\u00ed.<\/li>\n<li>V\u0161echny na\u0161e v\u00fdrobky m\u00e1me skladem a pos\u00edl\u00e1me je po \u010cR do 48 hodin.<\/li>\n<li>Jako v\u00fdrobci garantujeme z\u00e1ruku 25 let.<\/li>\n<li>N\u00e1hradn\u00ed d\u00edly jsou samoz\u0159ejmost\u00ed.<\/li>\n<li><strong><a href=\"https:\/\/www.chudej.com.es\/configurador-de-canalones-lineales\/\">On-line konfigur\u00e1tor<\/a><\/strong> koupelnov\u00fdch \u017elab\u016f.<\/li>\n<\/ul>\n<p>&nbsp;<\/p>\n<h4 style=\"text-align: left;\">Ucelen\u00e1 nab\u00eddka line\u00e1rn\u00edch \u017elab\u016f<\/h4>\n<p><a href=\"https:\/\/dev-helios.server-chudej.imperialmedia.cz\/kategorie-produktu\/linearni-zlaby\/\"><img loading=\"lazy\" decoding=\"async\" class=\"alignnone wp-image-24490 size-large\" src=\"https:\/\/dev-helios.server-chudej.imperialmedia.cz\/wp-content\/uploads\/2020\/09\/linearni-plastovy-zlab-ke-stene-s-nerezovym-rameckem-a-bocnim-odtokem-d-40-1024x410.jpg\" alt=\"\" width=\"1024\" height=\"410\" srcset=\"https:\/\/dev-helios.server-chudej.imperialmedia.cz\/wp-content\/uploads\/2020\/09\/linearni-plastovy-zlab-ke-stene-s-nerezovym-rameckem-a-bocnim-odtokem-d-40-1024x410.jpg 1024w, https:\/\/dev-helios.server-chudej.imperialmedia.cz\/wp-content\/uploads\/2020\/09\/linearni-plastovy-zlab-ke-stene-s-nerezovym-rameckem-a-bocnim-odtokem-d-40-300x120.jpg 300w, https:\/\/dev-helios.server-chudej.imperialmedia.cz\/wp-content\/uploads\/2020\/09\/linearni-plastovy-zlab-ke-stene-s-nerezovym-rameckem-a-bocnim-odtokem-d-40-768x307.jpg 768w, https:\/\/dev-helios.server-chudej.imperialmedia.cz\/wp-content\/uploads\/2020\/09\/linearni-plastovy-zlab-ke-stene-s-nerezovym-rameckem-a-bocnim-odtokem-d-40-1536x614.jpg 1536w, https:\/\/dev-helios.server-chudej.imperialmedia.cz\/wp-content\/uploads\/2020\/09\/linearni-plastovy-zlab-ke-stene-s-nerezovym-rameckem-a-bocnim-odtokem-d-40-1080x432.jpg 1080w, https:\/\/dev-helios.server-chudej.imperialmedia.cz\/wp-content\/uploads\/2020\/09\/linearni-plastovy-zlab-ke-stene-s-nerezovym-rameckem-a-bocnim-odtokem-d-40-600x240.jpg 600w, https:\/\/dev-helios.server-chudej.imperialmedia.cz\/wp-content\/uploads\/2020\/09\/linearni-plastovy-zlab-ke-stene-s-nerezovym-rameckem-a-bocnim-odtokem-d-40.jpg 1920w\" sizes=\"auto, (max-width: 1024px) 100vw, 1024px\" \/><\/a><\/p>\n<p>Cen\u00edk pro velkoobchodn\u00ed prodej k dispozici ke sta\u017een\u00ed<strong><a href=\"https:\/\/dev-helios.server-chudej.imperialmedia.cz\/podpora-prodeje\/ceniky\/\"> zde<\/a>.<\/strong><\/p>\n<p>&nbsp;<\/p>\n<p><strong>Zaujala V\u00e1s nab\u00eddka spolupr\u00e1ce? Obra\u0165te se p\u0159\u00edmo na obchodn\u00ed z\u00e1stupce v dan\u00e9m regionu, kter\u00fd V\u00e1m pom\u016f\u017ee vytvo\u0159it individu\u00e1ln\u00ed podm\u00ednky pro prodej na\u0161ich v\u00fdrobk\u016f.<\/strong><\/p>\n","protected":false},"excerpt":{"rendered":"<p>Pom\u016f\u017eeme V\u00e1m odli\u0161it se od konkurence, kter\u00e1 nab\u00edz\u00ed po cel\u00e9 \u010cR stejn\u00e9 vzory. Zdarma vybav\u00edme Va\u0161e koupelnov\u00e9 studio pot\u0159ebn\u00fdmi materi\u00e1ly pro prodej na\u0161ich produkt\u016f. &nbsp; Pro\u010d se vyplat\u00ed spolupr\u00e1ce s n\u00e1mi? Nastav\u00edme optim\u00e1ln\u00ed obchodn\u00ed podm\u00ednky. Nab\u00edz\u00edme mo\u017enost z\u00edskat v\u011brnostn\u00ed bonus. Nenut\u00edme V\u00e1s k zaskladn\u011bn\u00ed. V\u0161echny na\u0161e v\u00fdrobky m\u00e1me skladem a pos\u00edl\u00e1me je po \u010cR do 48 hodin. Jako v\u00fdrobci garantujeme z\u00e1ruku 25 let. N\u00e1hradn\u00ed d\u00edly jsou samoz\u0159ejmost\u00ed. On-line konfigur\u00e1tor koupelnov\u00fdch \u017elab\u016f. &nbsp; Ucelen\u00e1 nab\u00eddka line\u00e1rn\u00edch \u017elab\u016f Cen\u00edk pro velkoobchodn\u00ed prodej k dispozici ke sta\u017een\u00ed zde. &nbsp; Zaujala V\u00e1s nab\u00eddka spolupr\u00e1ce? Obra\u0165te se p\u0159\u00edmo na obchodn\u00ed z\u00e1stupce v dan\u00e9m regionu, kter\u00fd [&hellip;]<\/p>\n","protected":false},"author":1,"featured_media":49949,"parent":0,"menu_order":12,"comment_status":"closed","ping_status":"closed","template":"template-jste-koupelnove-studio.php","meta":{"_acf_changed":false,"footnotes":""},"class_list":["post-67336","page","type-page","status-publish","has-post-thumbnail","hentry"],"acf":[],"_links":{"self":[{"href":"https:\/\/dev-helios.server-chudej.imperialmedia.cz\/es\/wp-json\/wp\/v2\/pages\/67336","targetHints":{"allow":["GET"]}}],"collection":[{"href":"https:\/\/dev-helios.server-chudej.imperialmedia.cz\/es\/wp-json\/wp\/v2\/pages"}],"about":[{"href":"https:\/\/dev-helios.server-chudej.imperialmedia.cz\/es\/wp-json\/wp\/v2\/types\/page"}],"author":[{"embeddable":true,"href":"https:\/\/dev-helios.server-chudej.imperialmedia.cz\/es\/wp-json\/wp\/v2\/users\/1"}],"replies":[{"embeddable":true,"href":"https:\/\/dev-helios.server-chudej.imperialmedia.cz\/es\/wp-json\/wp\/v2\/comments?post=67336"}],"version-history":[{"count":0,"href":"https:\/\/dev-helios.server-chudej.imperialmedia.cz\/es\/wp-json\/wp\/v2\/pages\/67336\/revisions"}],"wp:featuredmedia":[{"embeddable":true,"href":"https:\/\/dev-helios.server-chudej.imperialmedia.cz\/es\/wp-json\/wp\/v2\/media\/49949"}],"wp:attachment":[{"href":"https:\/\/dev-helios.server-chudej.imperialmedia.cz\/es\/wp-json\/wp\/v2\/media?parent=67336"}],"curies":[{"name":"wp","href":"https:\/\/api.w.org\/{rel}","templated":true}]}}