{"id":67307,"date":"2021-07-02T17:27:17","date_gmt":"2021-07-02T15:27:17","guid":{"rendered":"https:\/\/www.chudej.cz\/jste-projektant-nebo-architekt\/"},"modified":"2025-03-06T10:11:43","modified_gmt":"2025-03-06T09:11:43","slug":"bim","status":"publish","type":"page","link":"https:\/\/dev-helios.server-chudej.imperialmedia.cz\/es\/promocion-de-ventas\/bim\/","title":{"rendered":"BIM"},"content":{"rendered":"<p>\u201eBuilding information modeling\u201c neboli BIM zvl\u00e1dne mnohem v\u00edc ne\u017e jen 3D model stavby. Jedn\u00e1 se o metodiku vytv\u00e1\u0159en\u00ed projektu stavby, kter\u00e1\u00a0hraje nepostradatelnou roli v novodob\u00e9m navrhov\u00e1n\u00ed.\u00a0Aby byl BIM model pln\u011b vyu\u017eiteln\u00fd, je nutn\u00e9 naplnit jej informacemi o v\u0161ech pou\u017eit\u00fdch prvc\u00edch. <strong>Spole\u010dnost CHUD\u011aJ, s.r.o.<\/strong><strong> nab\u00edz\u00ed v\u00edc jak 1 500 produkt\u016f ze sv\u00e9ho portfolia p\u0159ipraven\u00fdch pro BIM v r\u00e1mci slu\u017eby bimproject.cloud.<\/strong>\u00a0Naleznete u n\u00e1s BIM modely produkt\u016f jako jsou\u00a0<strong>kanaliza\u010dn\u00ed vpusti, line\u00e1rn\u00ed \u017elaby, podlahov\u00e9 a st\u0159e\u0161n\u00ed vpusti a venkovn\u00ed odtokov\u00e9 \u017elaby.<\/strong><\/p>\n<p>&nbsp;<\/p>\n<h3>Webov\u00fd BIM katalog produkt\u016f CHUD\u011aJ, s.r.o.<\/h3>\n<p>BIM katalog V\u00e1m umo\u017e\u0148uje proch\u00e1zet na\u0161e portfolio produkt\u016f p\u0159ipraven\u00fdch pro BIM.<\/p>\n<p>V r\u00e1mci katalogu m\u016f\u017eete proch\u00e1zet produkty po jednotliv\u00fdch kategori\u00edch a filtrovat je dle po\u017eadovan\u00fdch parametr\u016f.<\/p>\n<p>N\u00e1sledn\u011b si m\u016f\u017eete vybrat produkt odpov\u00eddaj\u00edc\u00ed va\u0161\u00ed specifikaci a st\u00e1hnout si BIM podklady pro software<strong> Revit.<\/strong><\/p>\n<p>Webov\u00fd BIM katalog CHUD\u011aJ, s.r.o. naleznete na adrese:<\/p>\n<p><strong><a href=\"https:\/\/new.catalog.bimproject.cloud\/cs\/chudej\/\">https:\/\/new.catalog.bimproject.cloud\/cs\/chudej\/<\/a><\/strong><\/p>\n<p><img loading=\"lazy\" decoding=\"async\" class=\"aligncenter wp-image-64363 size-large\" src=\"https:\/\/dev-helios.server-chudej.imperialmedia.cz\/wp-content\/uploads\/2021\/07\/newcatalogbimprojectcloud-cs-chudej-product-fc003d8847e74c70b923c402994eb4e4-categoryinearni-zlaby4k-1-1024x573.png\" alt=\"\" width=\"1024\" height=\"573\" srcset=\"https:\/\/dev-helios.server-chudej.imperialmedia.cz\/wp-content\/uploads\/2021\/07\/newcatalogbimprojectcloud-cs-chudej-product-fc003d8847e74c70b923c402994eb4e4-categoryinearni-zlaby4k-1-1024x573.png 1024w, https:\/\/dev-helios.server-chudej.imperialmedia.cz\/wp-content\/uploads\/2021\/07\/newcatalogbimprojectcloud-cs-chudej-product-fc003d8847e74c70b923c402994eb4e4-categoryinearni-zlaby4k-1-300x168.png 300w, https:\/\/dev-helios.server-chudej.imperialmedia.cz\/wp-content\/uploads\/2021\/07\/newcatalogbimprojectcloud-cs-chudej-product-fc003d8847e74c70b923c402994eb4e4-categoryinearni-zlaby4k-1-768x430.png 768w, https:\/\/dev-helios.server-chudej.imperialmedia.cz\/wp-content\/uploads\/2021\/07\/newcatalogbimprojectcloud-cs-chudej-product-fc003d8847e74c70b923c402994eb4e4-categoryinearni-zlaby4k-1-1536x860.png 1536w, https:\/\/dev-helios.server-chudej.imperialmedia.cz\/wp-content\/uploads\/2021\/07\/newcatalogbimprojectcloud-cs-chudej-product-fc003d8847e74c70b923c402994eb4e4-categoryinearni-zlaby4k-1-2048x1146.png 2048w, https:\/\/dev-helios.server-chudej.imperialmedia.cz\/wp-content\/uploads\/2021\/07\/newcatalogbimprojectcloud-cs-chudej-product-fc003d8847e74c70b923c402994eb4e4-categoryinearni-zlaby4k-1-600x336.png 600w\" sizes=\"auto, (max-width: 1024px) 100vw, 1024px\" \/><\/p>\n<p>&nbsp;<\/p>\n<h3><strong>BIM katalog jako plugin pro software Revit<\/strong><\/h3>\n<p>V r\u00e1mci slu\u017eby bimproject.cloud jsme pro v\u00e1s d\u00e1le p\u0159ipravili i verzi BIM katalogu CHUD\u011aJ, s.r.o. jako plugin pro software Revit.<\/p>\n<p>D\u00edky t\u00e9to integraci m\u016f\u017eete p\u0159istupovat k datab\u00e1zi na\u0161ich produkt\u016f p\u0159\u00edmo ze sv\u00e9ho projek\u010dn\u00edho software. To v\u00e1m umo\u017en\u00ed vyu\u017e\u00edt ve\u0161ker\u00e9 n\u00ed\u017ee uveden\u00e9 funkce a specifikovat produkty rychleji ne\u017e kdykoli p\u0159edt\u00edm.<\/p>\n<p>Produktov\u00e1 datab\u00e1ze BIM katalogu v pluginech je synchronizov\u00e1na online a je v\u017edy aktu\u00e1ln\u00ed. To je hlavn\u00ed v\u00fdhoda proti samostatn\u00fdm BIM knihovn\u00e1m ke sta\u017een\u00ed, pakli\u017ee se pot\u0159ebujete spolehnout na informace ulo\u017een\u00e9 uvnit\u0159 prvk\u016f &#8211; a\u0165 u\u017e kv\u016fli v\u00fdkaz\u016fm nebo pokud odevzd\u00e1v\u00e1te BIM model m\u00edsto v\u00fdkres\u016f.<\/p>\n<p><img loading=\"lazy\" decoding=\"async\" class=\"aligncenter wp-image-64358 size-large\" src=\"https:\/\/dev-helios.server-chudej.imperialmedia.cz\/wp-content\/uploads\/2021\/07\/image2021-6-30-15-32-55-1024x576.png\" alt=\"\" width=\"1024\" height=\"576\" srcset=\"https:\/\/dev-helios.server-chudej.imperialmedia.cz\/wp-content\/uploads\/2021\/07\/image2021-6-30-15-32-55-1024x576.png 1024w, https:\/\/dev-helios.server-chudej.imperialmedia.cz\/wp-content\/uploads\/2021\/07\/image2021-6-30-15-32-55-300x169.png 300w, https:\/\/dev-helios.server-chudej.imperialmedia.cz\/wp-content\/uploads\/2021\/07\/image2021-6-30-15-32-55-768x432.png 768w, https:\/\/dev-helios.server-chudej.imperialmedia.cz\/wp-content\/uploads\/2021\/07\/image2021-6-30-15-32-55-1536x864.png 1536w, https:\/\/dev-helios.server-chudej.imperialmedia.cz\/wp-content\/uploads\/2021\/07\/image2021-6-30-15-32-55-600x338.png 600w, https:\/\/dev-helios.server-chudej.imperialmedia.cz\/wp-content\/uploads\/2021\/07\/image2021-6-30-15-32-55.png 1920w\" sizes=\"auto, (max-width: 1024px) 100vw, 1024px\" \/><\/p>\n<p>&nbsp;<\/p>\n<p>Pluginy jsou kompatibiln\u00ed s verzemi Revitu 2018 a vy\u0161\u0161\u00ed. Aktu\u00e1ln\u00ed verzi pluginu ke sta\u017een\u00ed naleznete na adrese:<\/p>\n<p><strong><a href=\"https:\/\/www.bimproject.cz\/downloads\/chudej\">https:\/\/www.bimproject.cz\/downloads\/chudej<\/a><\/strong><\/p>\n<p>&nbsp;<\/p>\n<h3><strong>Hlavn\u00ed funkce BIM katalog\u016f v pluginech<\/strong><\/h3>\n<h4>Obecn\u00e9 a produktov\u00e9 specifikace<\/h4>\n<p>Ka\u017ed\u00fd u\u017eivatel m\u00e1 jedine\u010dn\u00fd proces p\u0159i pr\u00e1ci. S BIM n\u00e1stroji CHUD\u011aJ, s.r.o. od bimproject.cloud m\u00e1te v\u017edy svobodu volby, jak postupovat p\u0159i Va\u0161\u00ed pr\u00e1ci. Ka\u017ed\u00e9 Va\u0161e p\u0159\u00e1n\u00ed &#8211; specifikaci &#8211; m\u016f\u017eete vlo\u017eit do projektu jako parametr. Ten se ulo\u017e\u00ed do obecn\u00e9ho BIM objektu, kter\u00fd tak bude obsahovat pouze v\u00e1mi zvolen\u00e9 informace. Nen\u00ed tedy nutn\u00e9 si vyb\u00edrat fin\u00e1ln\u00ed produkt, pokud je\u0161t\u011b nev\u00edte, kter\u00e9 vlastnosti mu p\u0159id\u011blit. M\u016f\u017ee obsahovat\u00a0 pouze z\u00e1kladn\u00ed parametry. V dal\u0161\u00edch f\u00e1z\u00edch projektu m\u016f\u017eete zvolit ji\u017e um\u00edst\u011bn\u00e9 objekty a pomoc\u00ed pluginu je aktualizovat. M\u016f\u017eete tak vkl\u00e1dat parametry nov\u00e9 a m\u011bnit ji\u017e vlo\u017een\u00e9. Stejn\u00fdm zp\u016fsobem m\u016f\u017eete zam\u011b\u0148ovat ji\u017e specifikovan\u00e9 produkty za \u00fapln\u011b jin\u00e9.<\/p>\n<p><img loading=\"lazy\" decoding=\"async\" class=\"aligncenter wp-image-64368 size-large\" src=\"https:\/\/dev-helios.server-chudej.imperialmedia.cz\/wp-content\/uploads\/2021\/07\/workflow-diagram-1-1-1024x343.png\" alt=\"\" width=\"1024\" height=\"343\" srcset=\"https:\/\/dev-helios.server-chudej.imperialmedia.cz\/wp-content\/uploads\/2021\/07\/workflow-diagram-1-1-1024x343.png 1024w, https:\/\/dev-helios.server-chudej.imperialmedia.cz\/wp-content\/uploads\/2021\/07\/workflow-diagram-1-1-300x101.png 300w, https:\/\/dev-helios.server-chudej.imperialmedia.cz\/wp-content\/uploads\/2021\/07\/workflow-diagram-1-1-768x258.png 768w, https:\/\/dev-helios.server-chudej.imperialmedia.cz\/wp-content\/uploads\/2021\/07\/workflow-diagram-1-1-1536x515.png 1536w, https:\/\/dev-helios.server-chudej.imperialmedia.cz\/wp-content\/uploads\/2021\/07\/workflow-diagram-1-1-2048x687.png 2048w, https:\/\/dev-helios.server-chudej.imperialmedia.cz\/wp-content\/uploads\/2021\/07\/workflow-diagram-1-1-600x201.png 600w\" sizes=\"auto, (max-width: 1024px) 100vw, 1024px\" \/><\/p>\n<p>&nbsp;<\/p>\n<h3><strong>Samostatn\u00e9 BIM knihovny ke sta\u017een\u00ed<\/strong><\/h3>\n<p>Knihovny jsou jeden v\u011bt\u0161\u00ed .ZIP soubor a jsou kompatibiln\u00ed s verzemi Revit 2018 a vy\u0161\u0161\u00ed. Kompletn\u00ed BIM knihovny pro Revit si m\u016f\u017eete st\u00e1hnout na adrese:<\/p>\n<p><strong><a href=\"https:\/\/www.bimproject.cz\/downloads\/chudej\">https:\/\/www.bimproject.cz\/downloads\/chudej<\/a><\/strong><\/p>\n<p>&nbsp;<\/p>\n<p><iframe loading=\"lazy\" title=\"Drainage systems in BIM | Revit | Czech\" width=\"640\" height=\"360\" src=\"https:\/\/www.youtube.com\/embed\/WBA4ZtnMLNE?feature=oembed\" frameborder=\"0\" allow=\"accelerometer; autoplay; clipboard-write; encrypted-media; gyroscope; picture-in-picture; web-share\" referrerpolicy=\"strict-origin-when-cross-origin\" allowfullscreen><\/iframe><\/p>\n","protected":false},"excerpt":{"rendered":"<p>\u201eBuilding information modeling\u201c neboli BIM zvl\u00e1dne mnohem v\u00edc ne\u017e jen 3D model stavby. Jedn\u00e1 se o metodiku vytv\u00e1\u0159en\u00ed projektu stavby, kter\u00e1\u00a0hraje nepostradatelnou roli v novodob\u00e9m navrhov\u00e1n\u00ed.\u00a0Aby byl BIM model pln\u011b vyu\u017eiteln\u00fd, je nutn\u00e9 naplnit jej informacemi o v\u0161ech pou\u017eit\u00fdch prvc\u00edch. Spole\u010dnost CHUD\u011aJ, s.r.o. nab\u00edz\u00ed v\u00edc jak 1 500 produkt\u016f ze sv\u00e9ho portfolia p\u0159ipraven\u00fdch pro BIM v r\u00e1mci slu\u017eby bimproject.cloud.\u00a0Naleznete u n\u00e1s BIM modely produkt\u016f jako jsou\u00a0kanaliza\u010dn\u00ed vpusti, line\u00e1rn\u00ed \u017elaby, podlahov\u00e9 a st\u0159e\u0161n\u00ed vpusti a venkovn\u00ed odtokov\u00e9 \u017elaby. &nbsp; Webov\u00fd BIM katalog produkt\u016f CHUD\u011aJ, s.r.o. BIM katalog V\u00e1m umo\u017e\u0148uje proch\u00e1zet na\u0161e portfolio produkt\u016f p\u0159ipraven\u00fdch pro BIM. V r\u00e1mci katalogu m\u016f\u017eete proch\u00e1zet [&hellip;]<\/p>\n","protected":false},"author":1,"featured_media":66489,"parent":50419,"menu_order":0,"comment_status":"closed","ping_status":"closed","template":"template-jste-projektant-nebo-architekt.php","meta":{"_acf_changed":false,"footnotes":""},"class_list":["post-67307","page","type-page","status-publish","has-post-thumbnail","hentry"],"acf":[],"_links":{"self":[{"href":"https:\/\/dev-helios.server-chudej.imperialmedia.cz\/es\/wp-json\/wp\/v2\/pages\/67307","targetHints":{"allow":["GET"]}}],"collection":[{"href":"https:\/\/dev-helios.server-chudej.imperialmedia.cz\/es\/wp-json\/wp\/v2\/pages"}],"about":[{"href":"https:\/\/dev-helios.server-chudej.imperialmedia.cz\/es\/wp-json\/wp\/v2\/types\/page"}],"author":[{"embeddable":true,"href":"https:\/\/dev-helios.server-chudej.imperialmedia.cz\/es\/wp-json\/wp\/v2\/users\/1"}],"replies":[{"embeddable":true,"href":"https:\/\/dev-helios.server-chudej.imperialmedia.cz\/es\/wp-json\/wp\/v2\/comments?post=67307"}],"version-history":[{"count":5,"href":"https:\/\/dev-helios.server-chudej.imperialmedia.cz\/es\/wp-json\/wp\/v2\/pages\/67307\/revisions"}],"predecessor-version":[{"id":238786,"href":"https:\/\/dev-helios.server-chudej.imperialmedia.cz\/es\/wp-json\/wp\/v2\/pages\/67307\/revisions\/238786"}],"up":[{"embeddable":true,"href":"https:\/\/dev-helios.server-chudej.imperialmedia.cz\/es\/wp-json\/wp\/v2\/pages\/50419"}],"wp:featuredmedia":[{"embeddable":true,"href":"https:\/\/dev-helios.server-chudej.imperialmedia.cz\/es\/wp-json\/wp\/v2\/media\/66489"}],"wp:attachment":[{"href":"https:\/\/dev-helios.server-chudej.imperialmedia.cz\/es\/wp-json\/wp\/v2\/media?parent=67307"}],"curies":[{"name":"wp","href":"https:\/\/api.w.org\/{rel}","templated":true}]}}