{"id":50212,"date":"2017-11-14T14:47:02","date_gmt":"2017-11-14T13:47:02","guid":{"rendered":"https:\/\/www.chudej.cz\/uvod\/"},"modified":"2022-09-07T14:27:26","modified_gmt":"2022-09-07T12:27:26","slug":"uvod","status":"publish","type":"page","link":"https:\/\/dev-helios.server-chudej.imperialmedia.cz\/es\/","title":{"rendered":"Introducci\u00f3n"},"content":{"rendered":"<p class=\"p1\">Somos una sociedad tradicional checa dedicada a la producci\u00f3n de canalizaciones, desag\u00fces de piso, de techo y canalones lineales desde 1990. Durante ese tiempo hemos experimentado muchos cambios y hemos adquirido experiencias muy valiosas, que todav\u00eda aplicamos hoy en los procesos de producci\u00f3n y en el desarrollo de los propios productos.<\/p>\n<p>Miroslav Chud\u011bj<br \/>\npropietario<\/p>\n<p><img loading=\"lazy\" decoding=\"async\" class=\"alignnone size-medium wp-image-5886\" src=\"https:\/\/dev-helios.server-chudej.imperialmedia.cz\/wp-content\/uploads\/2018\/11\/chudej-foto-1-221x300.jpg\" alt=\"\" width=\"221\" height=\"300\" srcset=\"https:\/\/dev-helios.server-chudej.imperialmedia.cz\/wp-content\/uploads\/2018\/11\/chudej-foto-1-221x300.jpg 221w, https:\/\/dev-helios.server-chudej.imperialmedia.cz\/wp-content\/uploads\/2018\/11\/chudej-foto-1.jpg 369w\" sizes=\"auto, (max-width: 221px) 100vw, 221px\" \/><\/p>\n<p><a href=\"https:\/\/dev-helios.server-chudej.imperialmedia.cz\/o-nas\/\">Conocer m\u00e1s<\/a><\/p>\n","protected":false},"excerpt":{"rendered":"<p>Somos una sociedad tradicional checa dedicada a la producci\u00f3n de canalizaciones, desag\u00fces de piso, de techo y canalones lineales desde 1990. Durante ese tiempo hemos experimentado muchos cambios y hemos adquirido experiencias muy valiosas, que todav\u00eda aplicamos hoy en los procesos de producci\u00f3n y en el desarrollo de los propios productos. Miroslav Chud\u011bj propietario Conocer m\u00e1s<\/p>\n","protected":false},"author":1,"featured_media":49446,"parent":0,"menu_order":4,"comment_status":"closed","ping_status":"closed","template":"","meta":{"_acf_changed":false,"footnotes":""},"class_list":["post-50212","page","type-page","status-publish","has-post-thumbnail","hentry"],"acf":[],"_links":{"self":[{"href":"https:\/\/dev-helios.server-chudej.imperialmedia.cz\/es\/wp-json\/wp\/v2\/pages\/50212","targetHints":{"allow":["GET"]}}],"collection":[{"href":"https:\/\/dev-helios.server-chudej.imperialmedia.cz\/es\/wp-json\/wp\/v2\/pages"}],"about":[{"href":"https:\/\/dev-helios.server-chudej.imperialmedia.cz\/es\/wp-json\/wp\/v2\/types\/page"}],"author":[{"embeddable":true,"href":"https:\/\/dev-helios.server-chudej.imperialmedia.cz\/es\/wp-json\/wp\/v2\/users\/1"}],"replies":[{"embeddable":true,"href":"https:\/\/dev-helios.server-chudej.imperialmedia.cz\/es\/wp-json\/wp\/v2\/comments?post=50212"}],"version-history":[{"count":0,"href":"https:\/\/dev-helios.server-chudej.imperialmedia.cz\/es\/wp-json\/wp\/v2\/pages\/50212\/revisions"}],"wp:featuredmedia":[{"embeddable":true,"href":"https:\/\/dev-helios.server-chudej.imperialmedia.cz\/es\/wp-json\/wp\/v2\/media\/49446"}],"wp:attachment":[{"href":"https:\/\/dev-helios.server-chudej.imperialmedia.cz\/es\/wp-json\/wp\/v2\/media?parent=50212"}],"curies":[{"name":"wp","href":"https:\/\/api.w.org\/{rel}","templated":true}]}}