{"id":66835,"date":"2018-09-26T13:55:04","date_gmt":"2018-09-26T11:55:04","guid":{"rendered":"https:\/\/www.chudej.cz\/jste-montazni-firma-montaznik-nebo-kutil\/"},"modified":"2021-07-29T09:32:27","modified_gmt":"2021-07-29T07:32:27","slug":"are-you-an-assembly-company-fitter-or-handyman","status":"publish","type":"page","link":"https:\/\/dev-helios.server-chudej.imperialmedia.cz\/en\/are-you-an-assembly-company-fitter-or-handyman\/","title":{"rendered":"Are you an assembly company, fitter or handyman?"},"content":{"rendered":"<p align=\"justify\">Zaujali V\u00e1s na\u0161e v\u00fdrobky? To n\u00e1s velice t\u011b\u0161\u00ed. Firma Chud\u011bj s.r.o, je \u010cesk\u00fdm v\u00fdrobcem plastov\u00fdch p\u0159\u00edchytek na uchycen\u00ed potrub\u00ed PPR a CU, kanaliza\u010dn\u00edch, podlahov\u00fdch vpust\u00ed. D\u00e1le na\u0161e spole\u010dnost vyr\u00e1b\u00ed modern\u00ed line\u00e1rn\u00ed \u017elaby do prostoru koupelen. Na\u0161e v\u00fdrobky jsou lisov\u00e1ny na velmi kvalitn\u00edch stroj\u00edch zna\u010dky Engel a Krauss Maffei, t\u00edm se dosahuje maxim\u00e1ln\u00ed p\u0159esnost v\u00fdrobk\u016f. U nerezov\u00fdch v\u00fdrobk\u016f vyu\u017e\u00edv\u00e1me limituj\u00edc\u00edch mo\u017enost\u00ed p\u0159esnosti a dokonal\u00e9 kvality. T\u00edm ru\u010d\u00edme za kvalitu na\u0161ich v\u00fdrobk\u016f.<\/p>\n<h3>Pro\u010d pou\u017e\u00edvat na\u0161e v\u00fdrobky?<\/h3>\n<ul>\n<li>Jsme skute\u010dn\u00fd \u010cesk\u00fd v\u00fdrobce s\u00a0v\u00edce jak 25letou tradic\u00ed<\/li>\n<li>Obrovsk\u00e9 skladovac\u00ed z\u00e1zem\u00ed. V\u00fdrobky jsou expedov\u00e1ny t\u00e9m\u011b\u0159 okam\u017eit\u011b.<\/li>\n<li>P\u0159esnost v\u00fdroby, lisujeme na kvalitn\u00edch stroj\u00edch Engel a Krauss Maffei<\/li>\n<li>N\u00e1hradn\u00ed d\u00edly ke v\u0161em v\u00fdrobk\u016fm m\u00e1me v\u017edy skladem.<\/li>\n<li>Na\u0161e v\u00fdrobky naleznete t\u00e9m\u011b\u0159 po cel\u00e9m Sv\u011bt\u011b.<\/li>\n<li>Modern\u00ed design<\/li>\n<\/ul>\n<h4>Mont\u00e1\u017en\u00ed n\u00e1vod k line\u00e1rn\u00edm \u017elab\u016fm<\/h4>\n<p><iframe loading=\"lazy\" title=\"Chudej LinearDrain\" width=\"640\" height=\"360\" src=\"https:\/\/www.youtube.com\/embed\/xzixU8IVa4Y?feature=oembed\" frameborder=\"0\" allow=\"accelerometer; autoplay; clipboard-write; encrypted-media; gyroscope; picture-in-picture; web-share\" referrerpolicy=\"strict-origin-when-cross-origin\" allowfullscreen><\/iframe><\/p>\n<h4>Mont\u00e1\u017en\u00ed n\u00e1vod ke kanaliza\u010dn\u00edm vpustem<\/h4>\n<p><iframe loading=\"lazy\" title=\"Podlahov\u00e1 vpus\u0165 bo\u010dn\u00ed univerz\u00e1ln\u00ed PVBU - 381\" width=\"640\" height=\"360\" src=\"https:\/\/www.youtube.com\/embed\/vrD8mu-YYbg?start=2&#038;feature=oembed\" frameborder=\"0\" allow=\"accelerometer; autoplay; clipboard-write; encrypted-media; gyroscope; picture-in-picture; web-share\" referrerpolicy=\"strict-origin-when-cross-origin\" allowfullscreen><\/iframe><\/p>\n<p>&nbsp;<\/p>\n<p><strong>V\u00fdrobky \u017e\u00e1dejte u na\u0161ich obchodn\u00edch partner\u016f, kter\u00e9 V\u00e1m v\u00a0dan\u00e9m regionu pom\u016f\u017ee naj\u00edt n\u00e1\u0161 obchodn\u00ed z\u00e1stupce.<\/strong><\/p>\n","protected":false},"excerpt":{"rendered":"<p>Zaujali V\u00e1s na\u0161e v\u00fdrobky? To n\u00e1s velice t\u011b\u0161\u00ed. Firma Chud\u011bj s.r.o, je \u010cesk\u00fdm v\u00fdrobcem plastov\u00fdch p\u0159\u00edchytek na uchycen\u00ed potrub\u00ed PPR a CU, kanaliza\u010dn\u00edch, podlahov\u00fdch vpust\u00ed. D\u00e1le na\u0161e spole\u010dnost vyr\u00e1b\u00ed modern\u00ed line\u00e1rn\u00ed \u017elaby do prostoru koupelen. Na\u0161e v\u00fdrobky jsou lisov\u00e1ny na velmi kvalitn\u00edch stroj\u00edch zna\u010dky Engel a Krauss Maffei, t\u00edm se dosahuje maxim\u00e1ln\u00ed p\u0159esnost v\u00fdrobk\u016f. U nerezov\u00fdch v\u00fdrobk\u016f vyu\u017e\u00edv\u00e1me limituj\u00edc\u00edch mo\u017enost\u00ed p\u0159esnosti a dokonal\u00e9 kvality. T\u00edm ru\u010d\u00edme za kvalitu na\u0161ich v\u00fdrobk\u016f. Pro\u010d pou\u017e\u00edvat na\u0161e v\u00fdrobky? Jsme skute\u010dn\u00fd \u010cesk\u00fd v\u00fdrobce s\u00a0v\u00edce jak 25letou tradic\u00ed Obrovsk\u00e9 skladovac\u00ed z\u00e1zem\u00ed. V\u00fdrobky jsou expedov\u00e1ny t\u00e9m\u011b\u0159 okam\u017eit\u011b. P\u0159esnost v\u00fdroby, lisujeme na kvalitn\u00edch stroj\u00edch Engel a Krauss Maffei [&hellip;]<\/p>\n","protected":false},"author":1,"featured_media":4158,"parent":0,"menu_order":10,"comment_status":"closed","ping_status":"closed","template":"template-jste-montazni-firma-montaznik-nebo-kutil.php","meta":{"_acf_changed":false,"footnotes":""},"class_list":["post-66835","page","type-page","status-publish","has-post-thumbnail","hentry"],"acf":[],"_links":{"self":[{"href":"https:\/\/dev-helios.server-chudej.imperialmedia.cz\/en\/wp-json\/wp\/v2\/pages\/66835","targetHints":{"allow":["GET"]}}],"collection":[{"href":"https:\/\/dev-helios.server-chudej.imperialmedia.cz\/en\/wp-json\/wp\/v2\/pages"}],"about":[{"href":"https:\/\/dev-helios.server-chudej.imperialmedia.cz\/en\/wp-json\/wp\/v2\/types\/page"}],"author":[{"embeddable":true,"href":"https:\/\/dev-helios.server-chudej.imperialmedia.cz\/en\/wp-json\/wp\/v2\/users\/1"}],"replies":[{"embeddable":true,"href":"https:\/\/dev-helios.server-chudej.imperialmedia.cz\/en\/wp-json\/wp\/v2\/comments?post=66835"}],"version-history":[{"count":0,"href":"https:\/\/dev-helios.server-chudej.imperialmedia.cz\/en\/wp-json\/wp\/v2\/pages\/66835\/revisions"}],"wp:featuredmedia":[{"embeddable":true,"href":"https:\/\/dev-helios.server-chudej.imperialmedia.cz\/en\/wp-json\/wp\/v2\/media\/4158"}],"wp:attachment":[{"href":"https:\/\/dev-helios.server-chudej.imperialmedia.cz\/en\/wp-json\/wp\/v2\/media?parent=66835"}],"curies":[{"name":"wp","href":"https:\/\/api.w.org\/{rel}","templated":true}]}}